{"id":299,"date":"2023-06-11T20:43:27","date_gmt":"2023-06-11T20:43:27","guid":{"rendered":"https:\/\/etyekimuhely.hu\/?page_id=299"},"modified":"2024-02-24T13:40:21","modified_gmt":"2024-02-24T13:40:21","slug":"introduction","status":"publish","type":"page","link":"https:\/\/etyekimuhely.hu\/en\/introduction\/","title":{"rendered":"Introduction"},"content":{"rendered":"<style>.wp-block-kadence-advancedheading.kt-adv-heading299_ed4670-c8, .wp-block-kadence-advancedheading.kt-adv-heading299_ed4670-c8[data-kb-block=\"kb-adv-heading299_ed4670-c8\"]{margin-top:var(--global-kb-spacing-lg, 3rem);margin-bottom:var(--global-kb-spacing-sm, 1.5rem);font-size:var(--global-kb-font-size-lg, 2rem);line-height:1.4em;font-style:normal;}.wp-block-kadence-advancedheading.kt-adv-heading299_ed4670-c8 mark.kt-highlight, .wp-block-kadence-advancedheading.kt-adv-heading299_ed4670-c8[data-kb-block=\"kb-adv-heading299_ed4670-c8\"] mark.kt-highlight{font-style:normal;color:#f76a0c;-webkit-box-decoration-break:clone;box-decoration-break:clone;padding-top:0px;padding-right:0px;padding-bottom:0px;padding-left:0px;}<\/style>\n<h2 class=\"kt-adv-heading299_ed4670-c8 wp-block-kadence-advancedheading\" data-kb-block=\"kb-adv-heading299_ed4670-c8\">&#8220;Etyek is the workshop, the studio, the workplace, and home. An artifact in itself. Objects, beauties, they are important. It unites Transylvania with the Transdanubia, and the North with the South. It is the gathering place of the past, the very ancient past, and of the present, obviously. Etyek has become a symbol, as it proved and constantly proves the contemporary opportunity of sense, intellect.<\/h2>\n\n\n\n<p>Katalin D\u00e1vid art historian, 1996<\/p>\n\n\n\n<p><\/p>\n\n\n\n<p>In the words of Tam\u00e1s Deme cultural researcher, \u2019the Etyek Workshop is a legend\u2019. It is indeed a fairy-tale coming true in front of us, a kind of family story, which is fantastic on its own. However, it is about more, and it has not come to an end yet.<\/p>\n\n\n\n<p><\/p>\n\n\n\n<figure class=\"wp-block-gallery has-nested-images columns-1 is-cropped wp-block-gallery-1 is-layout-flex wp-block-gallery-is-layout-flex\">\n<figure class=\"wp-block-image size-large\"><img loading=\"lazy\" decoding=\"async\" width=\"1024\" height=\"857\" data-id=\"3963\" src=\"https:\/\/etyekimuhely.hu\/wp-content\/uploads\/2024\/02\/EytekiMuhely1-1024x857-1.webp\" alt=\"\" class=\"wp-image-3963\" srcset=\"https:\/\/etyekimuhely.hu\/wp-content\/uploads\/2024\/02\/EytekiMuhely1-1024x857-1.webp 1024w, https:\/\/etyekimuhely.hu\/wp-content\/uploads\/2024\/02\/EytekiMuhely1-1024x857-1-300x251.webp 300w, https:\/\/etyekimuhely.hu\/wp-content\/uploads\/2024\/02\/EytekiMuhely1-1024x857-1-768x643.webp 768w\" sizes=\"auto, (max-width: 1024px) 100vw, 1024px\" \/><\/figure>\n<\/figure>\n\n\n\n<p>B\u00e9la Tolcsvay, Kossuth-prize winning composer and musician established the Etyek Workshop Foundation in 2020, as a friend and respecter of the art family of Etyek. In parallel, Gyula Lucza, the chairman of the board of trustees of the Foundation, renovated and modernized the former living-house and studio. In addition to preserving the heritage of the artist community of the Etyek Workshop established in the 1970s by the Hungarian Heritage-prize winning artists Gy\u00f6rgyi Cs\u00f3kos Varga, and Lajos Cs\u00e1kv\u00e1ri Nagy, the mission of the Foundation includes the research and display of its creative work, the continuity of its intellect, and its integration into the local cultural life of the community, as well as into the domestic and international cultural scene. Further mission of the Foundation include the preserving of the Hungarian culture and tradition, and the facilitation and support of those cultural initiatives that are in a wider sense part of the Hungarian cultural heritage.<\/p>\n\n\n\n<p>Tradition cannot be created, only a community, which preserves its tradition. Therefore, we are devoted to become an active and defining forum of the Hungarian culture. Beside our own exhibitions, workshops and symposiums, we invite cultural programs and artists from within and outside the country. We also support scientific research, the preservation of traditions, artistic work and young artists as well.<\/p>\n\n\n\n<figure class=\"wp-block-image size-full\"><img loading=\"lazy\" decoding=\"async\" width=\"1024\" height=\"683\" src=\"https:\/\/etyekimuhely.hu\/wp-content\/uploads\/2024\/02\/EtyekiMuhely4-1024x683-2.webp\" alt=\"\" class=\"wp-image-3965\" srcset=\"https:\/\/etyekimuhely.hu\/wp-content\/uploads\/2024\/02\/EtyekiMuhely4-1024x683-2.webp 1024w, https:\/\/etyekimuhely.hu\/wp-content\/uploads\/2024\/02\/EtyekiMuhely4-1024x683-2-300x200.webp 300w, https:\/\/etyekimuhely.hu\/wp-content\/uploads\/2024\/02\/EtyekiMuhely4-1024x683-2-768x512.webp 768w\" sizes=\"auto, (max-width: 1024px) 100vw, 1024px\" \/><\/figure>\n\n\n\n<p>Creative work, the exchange of ideas and artistic experience perfectly connect to the wine-making traditions and gastro-culture of Etyek. We are also eager to fulfil explore and make the most of these potentials and community-building power.<\/p>\n\n\n\n<p>Finally, as a reflection of the above motto, the Etyek Workshop is both an artisan and an intellectual studio, where the prolific artistic community and the appreciative audience practice their traditions through the act of creation.<\/p>\n\n\n<style>.wp-block-kadence-advancedheading.kt-adv-heading299_c7acd7-47, .wp-block-kadence-advancedheading.kt-adv-heading299_c7acd7-47[data-kb-block=\"kb-adv-heading299_c7acd7-47\"]{font-style:normal;}.wp-block-kadence-advancedheading.kt-adv-heading299_c7acd7-47 mark.kt-highlight, .wp-block-kadence-advancedheading.kt-adv-heading299_c7acd7-47[data-kb-block=\"kb-adv-heading299_c7acd7-47\"] mark.kt-highlight{font-style:normal;color:#f76a0c;-webkit-box-decoration-break:clone;box-decoration-break:clone;padding-top:0px;padding-right:0px;padding-bottom:0px;padding-left:0px;}<\/style>\n<h2 class=\"kt-adv-heading299_c7acd7-47 wp-block-kadence-advancedheading\" data-kb-block=\"kb-adv-heading299_c7acd7-47\">The structure of the Foundation:<\/h2>\n\n\n\n<ul class=\"wp-block-list\">\n<li>founder<strong>:<\/strong> <strong>B\u00e9la Tolcsvay<\/strong><\/li>\n\n\n\n<li>chairman of the board of trustees: <strong>Gyula Lucza<\/strong><\/li>\n\n\n\n<li>members of the board of trustees<strong>:<\/strong> <strong>Kopp\u00e1ny Nagy, Zsigmond Lucza<\/strong><\/li>\n<\/ul>\n\n\n<style>.wp-block-kadence-advancedheading.kt-adv-heading299_e7c31f-f2, .wp-block-kadence-advancedheading.kt-adv-heading299_e7c31f-f2[data-kb-block=\"kb-adv-heading299_e7c31f-f2\"]{margin-top:var(--global-kb-spacing-lg, 3rem);margin-bottom:var(--global-kb-spacing-md, 2rem);font-style:normal;}.wp-block-kadence-advancedheading.kt-adv-heading299_e7c31f-f2 mark.kt-highlight, .wp-block-kadence-advancedheading.kt-adv-heading299_e7c31f-f2[data-kb-block=\"kb-adv-heading299_e7c31f-f2\"] mark.kt-highlight{font-style:normal;color:#f76a0c;-webkit-box-decoration-break:clone;box-decoration-break:clone;padding-top:0px;padding-right:0px;padding-bottom:0px;padding-left:0px;}<\/style>\n<h1 class=\"kt-adv-heading299_e7c31f-f2 wp-block-kadence-advancedheading\" data-kb-block=\"kb-adv-heading299_e7c31f-f2\">Staff<\/h1>\n\n\n\n<p>Zsigmond Lucza, <strong>painter, artistic director of the Etyek Workshop<\/strong><br>Zsuzsa Strasser <strong>administrator<\/strong><br>Erzs\u00e9bet Lelkes-S\u00e1ghy <strong>cultural organiser<\/strong><\/p>\n\n\n<style>.wp-block-kadence-advancedheading.kt-adv-heading299_e17dd4-96, .wp-block-kadence-advancedheading.kt-adv-heading299_e17dd4-96[data-kb-block=\"kb-adv-heading299_e17dd4-96\"]{margin-top:var(--global-kb-spacing-lg, 3rem);margin-bottom:var(--global-kb-spacing-md, 2rem);font-style:normal;}.wp-block-kadence-advancedheading.kt-adv-heading299_e17dd4-96 mark.kt-highlight, .wp-block-kadence-advancedheading.kt-adv-heading299_e17dd4-96[data-kb-block=\"kb-adv-heading299_e17dd4-96\"] mark.kt-highlight{font-style:normal;color:#f76a0c;-webkit-box-decoration-break:clone;box-decoration-break:clone;padding-top:0px;padding-right:0px;padding-bottom:0px;padding-left:0px;}<\/style>\n<h1 class=\"kt-adv-heading299_e17dd4-96 wp-block-kadence-advancedheading\" data-kb-block=\"kb-adv-heading299_e17dd4-96\">Our Story<\/h1>\n\n\n<style>.wp-block-kadence-advancedheading.kt-adv-heading299_39aaba-f0, .wp-block-kadence-advancedheading.kt-adv-heading299_39aaba-f0[data-kb-block=\"kb-adv-heading299_39aaba-f0\"]{margin-bottom:var(--global-kb-spacing-md, 2rem);font-style:normal;}.wp-block-kadence-advancedheading.kt-adv-heading299_39aaba-f0 mark.kt-highlight, .wp-block-kadence-advancedheading.kt-adv-heading299_39aaba-f0[data-kb-block=\"kb-adv-heading299_39aaba-f0\"] mark.kt-highlight{font-style:normal;color:#f76a0c;-webkit-box-decoration-break:clone;box-decoration-break:clone;padding-top:0px;padding-right:0px;padding-bottom:0px;padding-left:0px;}<\/style>\n<h3 class=\"kt-adv-heading299_39aaba-f0 wp-block-kadence-advancedheading\" data-kb-block=\"kb-adv-heading299_39aaba-f0\">Gy\u00f6rgyi Cs\u00f3kos Varga and Lajos Cs\u00e1kv\u00e1ri Nagy graduated at the Hungarian Academy of Fine Arts in the end of the 1940\u2019s. Their masters were Aur\u00e9l Bern\u00e1th, Istv\u00e1n Sz\u0151nyi, Istv\u00e1n Boldizs\u00e1r and G\u00e9za F\u00f3nyi. The couple settled down in Cs\u00e1kv\u00e1r, then in 1955 the family moved with five children to Magyar Street in Etyek, where three other children of theirs were born later. <\/h3>\n\n\n<style>.wp-block-kadence-advancedgallery.kb-gallery-wrap-id-299_73863d-5a{padding-top:var(--global-kb-spacing-md, 2rem);padding-bottom:var(--global-kb-spacing-md, 2rem);}.wp-block-kadence-advancedgallery .kb-gallery-type-grid.kb-gallery-id-299_73863d-5a{margin:-5px;}.kb-gallery-type-grid.kb-gallery-id-299_73863d-5a .kadence-blocks-gallery-item{padding:5px;}.kb-gallery-id-299_73863d-5a .kadence-blocks-gallery-item .kb-gal-image-radius, .kb-gallery-id-299_73863d-5a .kb-slide-item .kb-gal-image-radius img{border-radius:0px 0px 0px 0px;;}<\/style><div class=\"kb-gallery-wrap-id-299_73863d-5a alignnone wp-block-kadence-advancedgallery\"><ul class=\"kb-gallery-ul kb-gallery-non-static kb-gallery-type-grid kb-gallery-id-299_73863d-5a kb-gallery-caption-style-bottom-hover kb-gallery-filter-none kb-gallery-magnific-init\" data-image-filter=\"none\" data-item-selector=\".kadence-blocks-gallery-item\" data-lightbox-caption=\"true\" data-columns-xxl=\"3\" data-columns-xl=\"3\" data-columns-md=\"3\" data-columns-sm=\"2\" data-columns-xs=\"1\" data-columns-ss=\"1\"><li class=\"kadence-blocks-gallery-item\"><div class=\"kadence-blocks-gallery-item-inner\"><figure class=\"kb-gallery-figure kb-gallery-item-has-link kadence-blocks-gallery-item-hide-caption\" \"><a href=\"https:\/\/etyekimuhely.hu\/wp-content\/uploads\/2024\/02\/img038-951x1024.jpg\" class=\"kb-gallery-item-link\"  ><div class=\"kb-gal-image-radius\"><div class=\"kb-gallery-image-contain kadence-blocks-gallery-intrinsic kb-gallery-image-ratio-land32 kb-has-image-ratio-land32\" ><img loading=\"lazy\" decoding=\"async\" src=\"https:\/\/etyekimuhely.hu\/wp-content\/uploads\/2024\/02\/img038.jpg\" width=\"1115\" height=\"1200\" alt=\"\" data-full-image=\"https:\/\/etyekimuhely.hu\/wp-content\/uploads\/2024\/02\/img038.jpg\" data-light-image=\"https:\/\/etyekimuhely.hu\/wp-content\/uploads\/2024\/02\/img038.jpg\" data-id=\"4022\" class=\"wp-image-4022\" srcset=\"https:\/\/etyekimuhely.hu\/wp-content\/uploads\/2024\/02\/img038.jpg 1115w, https:\/\/etyekimuhely.hu\/wp-content\/uploads\/2024\/02\/img038-279x300.jpg 279w, https:\/\/etyekimuhely.hu\/wp-content\/uploads\/2024\/02\/img038-951x1024.jpg 951w, https:\/\/etyekimuhely.hu\/wp-content\/uploads\/2024\/02\/img038-768x827.jpg 768w\" sizes=\"auto, (max-width: 1115px) 100vw, 1115px\" \/><\/div><\/div><\/a><\/figure><\/div><\/li><li class=\"kadence-blocks-gallery-item\"><div class=\"kadence-blocks-gallery-item-inner\"><figure class=\"kb-gallery-figure kb-gallery-item-has-link kadence-blocks-gallery-item-hide-caption\" \"><a href=\"https:\/\/etyekimuhely.hu\/wp-content\/uploads\/2024\/02\/2.-kep-4.jpg\" class=\"kb-gallery-item-link\"  ><div class=\"kb-gal-image-radius\"><div class=\"kb-gallery-image-contain kadence-blocks-gallery-intrinsic kb-gallery-image-ratio-land32 kb-has-image-ratio-land32\" ><img loading=\"lazy\" decoding=\"async\" src=\"https:\/\/etyekimuhely.hu\/wp-content\/uploads\/2024\/02\/2.-kep-4.jpg\" width=\"800\" height=\"793\" alt=\"\" data-full-image=\"https:\/\/etyekimuhely.hu\/wp-content\/uploads\/2024\/02\/2.-kep-4.jpg\" data-light-image=\"https:\/\/etyekimuhely.hu\/wp-content\/uploads\/2024\/02\/2.-kep-4.jpg\" data-id=\"4038\" class=\"wp-image-4038\" srcset=\"https:\/\/etyekimuhely.hu\/wp-content\/uploads\/2024\/02\/2.-kep-4.jpg 800w, https:\/\/etyekimuhely.hu\/wp-content\/uploads\/2024\/02\/2.-kep-4-300x297.jpg 300w, https:\/\/etyekimuhely.hu\/wp-content\/uploads\/2024\/02\/2.-kep-4-150x150.jpg 150w, https:\/\/etyekimuhely.hu\/wp-content\/uploads\/2024\/02\/2.-kep-4-768x761.jpg 768w\" sizes=\"auto, (max-width: 800px) 100vw, 800px\" \/><\/div><\/div><\/a><\/figure><\/div><\/li><li class=\"kadence-blocks-gallery-item\"><div class=\"kadence-blocks-gallery-item-inner\"><figure class=\"kb-gallery-figure kb-gallery-item-has-link kadence-blocks-gallery-item-hide-caption\" \"><a href=\"https:\/\/etyekimuhely.hu\/wp-content\/uploads\/2024\/02\/3.-kep-3-1024x1007.jpg\" class=\"kb-gallery-item-link\"  ><div class=\"kb-gal-image-radius\"><div class=\"kb-gallery-image-contain kadence-blocks-gallery-intrinsic kb-gallery-image-ratio-land32 kb-has-image-ratio-land32\" ><img loading=\"lazy\" decoding=\"async\" src=\"https:\/\/etyekimuhely.hu\/wp-content\/uploads\/2024\/02\/3.-kep-3.jpg\" width=\"1200\" height=\"1180\" alt=\"\" data-full-image=\"https:\/\/etyekimuhely.hu\/wp-content\/uploads\/2024\/02\/3.-kep-3.jpg\" data-light-image=\"https:\/\/etyekimuhely.hu\/wp-content\/uploads\/2024\/02\/3.-kep-3.jpg\" data-id=\"4040\" class=\"wp-image-4040\" srcset=\"https:\/\/etyekimuhely.hu\/wp-content\/uploads\/2024\/02\/3.-kep-3.jpg 1200w, https:\/\/etyekimuhely.hu\/wp-content\/uploads\/2024\/02\/3.-kep-3-300x295.jpg 300w, https:\/\/etyekimuhely.hu\/wp-content\/uploads\/2024\/02\/3.-kep-3-1024x1007.jpg 1024w, https:\/\/etyekimuhely.hu\/wp-content\/uploads\/2024\/02\/3.-kep-3-768x755.jpg 768w\" sizes=\"auto, (max-width: 1200px) 100vw, 1200px\" \/><\/div><\/div><\/a><\/figure><\/div><\/li><\/ul><\/div>\n\n\n<p>The artists who cultivated a classical artistic style that they had had learnt during their academic studies, became familiar with organic materials and their artistic use in Etyek. By the end of the 1960s, early 70s Gy\u00f6rgyi Cs\u00f3kos Varga acquired the art of weaving and spinning from those Transylvanian women who were resettled in Etyek. She established a weaver\u2019s house, where with the local women they revived and transmitted to further generations the Hungarian traditional folk weaving-culture. Parallelly, Cs\u00e1kv\u00e1ri Nagy Lajos taught wood carving to interested youth from the town, and also from other parts of the country. Sculpture, weaving, spinning, and all these folk art types melted in their lives with their classical creative work. All their eight children were raised in such spirit, who all bear and pass on their parents\u2019 artistic and creative heritage. &nbsp;The \u2018Nagy\u2019 family and all the artists and apprentices gathered around them formed the \u2018Etyek Workshop\u2019.<\/p>\n\n\n<style>.wp-block-kadence-advancedgallery.kb-gallery-wrap-id-299_2b54b6-f8{padding-top:var(--global-kb-spacing-md, 2rem);padding-bottom:var(--global-kb-spacing-md, 2rem);}.wp-block-kadence-advancedgallery .kb-gallery-type-grid.kb-gallery-id-299_2b54b6-f8{margin:-5px;}.kb-gallery-type-grid.kb-gallery-id-299_2b54b6-f8 .kadence-blocks-gallery-item{padding:5px;}.kb-gallery-id-299_2b54b6-f8 .kadence-blocks-gallery-item .kb-gal-image-radius, .kb-gallery-id-299_2b54b6-f8 .kb-slide-item .kb-gal-image-radius img{border-radius:0px 0px 0px 0px;;}<\/style><div class=\"kb-gallery-wrap-id-299_2b54b6-f8 alignnone wp-block-kadence-advancedgallery\"><ul class=\"kb-gallery-ul kb-gallery-non-static kb-gallery-type-grid kb-gallery-id-299_2b54b6-f8 kb-gallery-caption-style-bottom-hover kb-gallery-filter-none kb-gallery-magnific-init\" data-image-filter=\"none\" data-item-selector=\".kadence-blocks-gallery-item\" data-lightbox-caption=\"true\" data-columns-xxl=\"3\" data-columns-xl=\"3\" data-columns-md=\"3\" data-columns-sm=\"2\" data-columns-xs=\"1\" data-columns-ss=\"1\"><li class=\"kadence-blocks-gallery-item\"><div class=\"kadence-blocks-gallery-item-inner\"><figure class=\"kb-gallery-figure kb-gallery-item-has-link kadence-blocks-gallery-item-hide-caption\" \"><a href=\"https:\/\/etyekimuhely.hu\/wp-content\/uploads\/2024\/02\/18.-kep-1-1024x531.jpg\" class=\"kb-gallery-item-link\"  ><div class=\"kb-gal-image-radius\"><div class=\"kb-gallery-image-contain kadence-blocks-gallery-intrinsic kb-gallery-image-ratio-land32 kb-has-image-ratio-land32\" ><img loading=\"lazy\" decoding=\"async\" src=\"https:\/\/etyekimuhely.hu\/wp-content\/uploads\/2024\/02\/18.-kep-1.jpg\" width=\"1200\" height=\"622\" alt=\"\" data-full-image=\"https:\/\/etyekimuhely.hu\/wp-content\/uploads\/2024\/02\/18.-kep-1.jpg\" data-light-image=\"https:\/\/etyekimuhely.hu\/wp-content\/uploads\/2024\/02\/18.-kep-1.jpg\" data-id=\"4011\" class=\"wp-image-4011\" srcset=\"https:\/\/etyekimuhely.hu\/wp-content\/uploads\/2024\/02\/18.-kep-1.jpg 1200w, https:\/\/etyekimuhely.hu\/wp-content\/uploads\/2024\/02\/18.-kep-1-300x156.jpg 300w, https:\/\/etyekimuhely.hu\/wp-content\/uploads\/2024\/02\/18.-kep-1-1024x531.jpg 1024w, https:\/\/etyekimuhely.hu\/wp-content\/uploads\/2024\/02\/18.-kep-1-768x398.jpg 768w\" sizes=\"auto, (max-width: 1200px) 100vw, 1200px\" \/><\/div><\/div><\/a><\/figure><\/div><\/li><li class=\"kadence-blocks-gallery-item\"><div class=\"kadence-blocks-gallery-item-inner\"><figure class=\"kb-gallery-figure kb-gallery-item-has-link kadence-blocks-gallery-item-hide-caption\" \"><a href=\"https:\/\/etyekimuhely.hu\/wp-content\/uploads\/2024\/02\/19.-kep-1.jpg\" class=\"kb-gallery-item-link\"  ><div class=\"kb-gal-image-radius\"><div class=\"kb-gallery-image-contain kadence-blocks-gallery-intrinsic kb-gallery-image-ratio-land32 kb-has-image-ratio-land32\" ><img loading=\"lazy\" decoding=\"async\" src=\"https:\/\/etyekimuhely.hu\/wp-content\/uploads\/2024\/02\/19.-kep-1.jpg\" width=\"800\" height=\"516\" alt=\"\" data-full-image=\"https:\/\/etyekimuhely.hu\/wp-content\/uploads\/2024\/02\/19.-kep-1.jpg\" data-light-image=\"https:\/\/etyekimuhely.hu\/wp-content\/uploads\/2024\/02\/19.-kep-1.jpg\" data-id=\"4009\" class=\"wp-image-4009\" srcset=\"https:\/\/etyekimuhely.hu\/wp-content\/uploads\/2024\/02\/19.-kep-1.jpg 800w, https:\/\/etyekimuhely.hu\/wp-content\/uploads\/2024\/02\/19.-kep-1-300x194.jpg 300w, https:\/\/etyekimuhely.hu\/wp-content\/uploads\/2024\/02\/19.-kep-1-768x495.jpg 768w\" sizes=\"auto, (max-width: 800px) 100vw, 800px\" \/><\/div><\/div><\/a><\/figure><\/div><\/li><li class=\"kadence-blocks-gallery-item\"><div class=\"kadence-blocks-gallery-item-inner\"><figure class=\"kb-gallery-figure kb-gallery-item-has-link kadence-blocks-gallery-item-hide-caption\" \"><a href=\"https:\/\/etyekimuhely.hu\/wp-content\/uploads\/2024\/02\/22.-kep-1-1024x768.jpg\" class=\"kb-gallery-item-link\"  ><div class=\"kb-gal-image-radius\"><div class=\"kb-gallery-image-contain kadence-blocks-gallery-intrinsic kb-gallery-image-ratio-land32 kb-has-image-ratio-land32\" ><img loading=\"lazy\" decoding=\"async\" src=\"https:\/\/etyekimuhely.hu\/wp-content\/uploads\/2024\/02\/22.-kep-1.jpg\" width=\"1200\" height=\"900\" alt=\"\" data-full-image=\"https:\/\/etyekimuhely.hu\/wp-content\/uploads\/2024\/02\/22.-kep-1.jpg\" data-light-image=\"https:\/\/etyekimuhely.hu\/wp-content\/uploads\/2024\/02\/22.-kep-1.jpg\" data-id=\"4013\" class=\"wp-image-4013\" srcset=\"https:\/\/etyekimuhely.hu\/wp-content\/uploads\/2024\/02\/22.-kep-1.jpg 1200w, https:\/\/etyekimuhely.hu\/wp-content\/uploads\/2024\/02\/22.-kep-1-300x225.jpg 300w, https:\/\/etyekimuhely.hu\/wp-content\/uploads\/2024\/02\/22.-kep-1-1024x768.jpg 1024w, https:\/\/etyekimuhely.hu\/wp-content\/uploads\/2024\/02\/22.-kep-1-768x576.jpg 768w\" sizes=\"auto, (max-width: 1200px) 100vw, 1200px\" \/><\/div><\/div><\/a><\/figure><\/div><\/li><\/ul><\/div>\n\n\n<p>Due to family relationships and intellectual connections, they were part of the Nomadic Generation, and their house standing in Magyar Street soon became its iconic centre and meeting point. Participants of the workshops organised there had the opportunity to not only acquire the techniques of traditional crafts, but also the spirit represented by the Nomadic Generation. Similarly to what the \u201ct\u00e1nch\u00e1z\u201d (dance hall) movement meant for folk music and folk dance, the Etyek Workshop served as a symbolic centre for materialistic manifestations of the mother tongue, and its participants formed a community centred around culture and art. The spirit of the workshop established by the artist couple has inspired a great number of artists wo are active today. It is our community\u2019s responsibility to cherish their memory. Their art is a testament to how an artistic approach based on handcrafting traditions can organically integrate valuable knowledge imbursed in the past into present art, and this phenomenon applies to many other cultural spheres as well beyond fine arts.<\/p>\n\n\n\n<figure class=\"wp-block-image size-full\"><img loading=\"lazy\" decoding=\"async\" width=\"1024\" height=\"684\" src=\"https:\/\/etyekimuhely.hu\/wp-content\/uploads\/2024\/02\/EytekiMuhely5-1024x684-1.webp\" alt=\"\" class=\"wp-image-3953\" srcset=\"https:\/\/etyekimuhely.hu\/wp-content\/uploads\/2024\/02\/EytekiMuhely5-1024x684-1.webp 1024w, https:\/\/etyekimuhely.hu\/wp-content\/uploads\/2024\/02\/EytekiMuhely5-1024x684-1-300x200.webp 300w, https:\/\/etyekimuhely.hu\/wp-content\/uploads\/2024\/02\/EytekiMuhely5-1024x684-1-768x513.webp 768w\" sizes=\"auto, (max-width: 1024px) 100vw, 1024px\" \/><\/figure>\n\n\n\n<figure class=\"wp-block-image size-large\"><img loading=\"lazy\" decoding=\"async\" width=\"1024\" height=\"683\" src=\"https:\/\/etyekimuhely.hu\/wp-content\/uploads\/2024\/02\/43.-kep_kicsi-2-1024x683.jpg\" alt=\"\" class=\"wp-image-4045\" srcset=\"https:\/\/etyekimuhely.hu\/wp-content\/uploads\/2024\/02\/43.-kep_kicsi-2-1024x683.jpg 1024w, https:\/\/etyekimuhely.hu\/wp-content\/uploads\/2024\/02\/43.-kep_kicsi-2-300x200.jpg 300w, https:\/\/etyekimuhely.hu\/wp-content\/uploads\/2024\/02\/43.-kep_kicsi-2-768x512.jpg 768w, https:\/\/etyekimuhely.hu\/wp-content\/uploads\/2024\/02\/43.-kep_kicsi-2.jpg 1200w\" sizes=\"auto, (max-width: 1024px) 100vw, 1024px\" \/><\/figure>\n\n\n\n<figure class=\"wp-block-image size-large\"><img loading=\"lazy\" decoding=\"async\" width=\"1024\" height=\"501\" src=\"https:\/\/etyekimuhely.hu\/wp-content\/uploads\/2024\/02\/33.-kep_kicsi-3-1024x501.jpg\" alt=\"\" class=\"wp-image-4047\" srcset=\"https:\/\/etyekimuhely.hu\/wp-content\/uploads\/2024\/02\/33.-kep_kicsi-3-1024x501.jpg 1024w, https:\/\/etyekimuhely.hu\/wp-content\/uploads\/2024\/02\/33.-kep_kicsi-3-300x147.jpg 300w, https:\/\/etyekimuhely.hu\/wp-content\/uploads\/2024\/02\/33.-kep_kicsi-3-768x376.jpg 768w, https:\/\/etyekimuhely.hu\/wp-content\/uploads\/2024\/02\/33.-kep_kicsi-3.jpg 1200w\" sizes=\"auto, (max-width: 1024px) 100vw, 1024px\" \/><\/figure>\n\n\n\n<figure class=\"wp-block-image size-large\"><img loading=\"lazy\" decoding=\"async\" width=\"683\" height=\"1024\" src=\"https:\/\/etyekimuhely.hu\/wp-content\/uploads\/2024\/02\/242213100_5048641748497115_2904047242766770693_n-2-683x1024.jpg\" alt=\"\" class=\"wp-image-4049\" srcset=\"https:\/\/etyekimuhely.hu\/wp-content\/uploads\/2024\/02\/242213100_5048641748497115_2904047242766770693_n-2-683x1024.jpg 683w, https:\/\/etyekimuhely.hu\/wp-content\/uploads\/2024\/02\/242213100_5048641748497115_2904047242766770693_n-2-200x300.jpg 200w, https:\/\/etyekimuhely.hu\/wp-content\/uploads\/2024\/02\/242213100_5048641748497115_2904047242766770693_n-2-768x1152.jpg 768w, https:\/\/etyekimuhely.hu\/wp-content\/uploads\/2024\/02\/242213100_5048641748497115_2904047242766770693_n-2.jpg 800w\" sizes=\"auto, (max-width: 683px) 100vw, 683px\" \/><\/figure>\n","protected":false},"excerpt":{"rendered":"<p>&#8220;Etyek is the workshop, the studio, the workplace, and home. An artifact in itself. Objects, beauties, they are important. It unites Transylvania with the Transdanubia, and the North with the South. It is the gathering place of the past, the very ancient past, and of the present, obviously. Etyek has become a symbol, as it [&hellip;]<\/p>\n","protected":false},"author":1,"featured_media":0,"parent":0,"menu_order":0,"comment_status":"closed","ping_status":"closed","template":"","meta":{"_acf_changed":false,"footnotes":""},"class_list":["post-299","page","type-page","status-publish","hentry"],"acf":[],"_links":{"self":[{"href":"https:\/\/etyekimuhely.hu\/en\/wp-json\/wp\/v2\/pages\/299","targetHints":{"allow":["GET"]}}],"collection":[{"href":"https:\/\/etyekimuhely.hu\/en\/wp-json\/wp\/v2\/pages"}],"about":[{"href":"https:\/\/etyekimuhely.hu\/en\/wp-json\/wp\/v2\/types\/page"}],"author":[{"embeddable":true,"href":"https:\/\/etyekimuhely.hu\/en\/wp-json\/wp\/v2\/users\/1"}],"replies":[{"embeddable":true,"href":"https:\/\/etyekimuhely.hu\/en\/wp-json\/wp\/v2\/comments?post=299"}],"version-history":[{"count":13,"href":"https:\/\/etyekimuhely.hu\/en\/wp-json\/wp\/v2\/pages\/299\/revisions"}],"predecessor-version":[{"id":4081,"href":"https:\/\/etyekimuhely.hu\/en\/wp-json\/wp\/v2\/pages\/299\/revisions\/4081"}],"wp:attachment":[{"href":"https:\/\/etyekimuhely.hu\/en\/wp-json\/wp\/v2\/media?parent=299"}],"curies":[{"name":"wp","href":"https:\/\/api.w.org\/{rel}","templated":true}]}}